{"id":123,"date":"2025-12-06T15:03:34","date_gmt":"2025-12-06T14:03:34","guid":{"rendered":"https:\/\/www.trcmuire.com\/wordpress\/?page_id=123"},"modified":"2025-12-06T15:15:52","modified_gmt":"2025-12-06T14:15:52","slug":"infrastructures","status":"publish","type":"page","link":"https:\/\/www.trcmuire.com\/wordpress\/infrastructures\/","title":{"rendered":"Infrastructures"},"content":{"rendered":"\n<h2 class=\"wp-block-heading\">3 courts couverts<\/h2>\n\n\n\n<div class=\"wp-block-columns is-layout-flex wp-container-core-columns-is-layout-9d6595d7 wp-block-columns-is-layout-flex\">\n<div class=\"wp-block-column is-layout-flow wp-block-column-is-layout-flow\">\n<figure class=\"wp-block-image size-large\"><img fetchpriority=\"high\" decoding=\"async\" width=\"768\" height=\"1024\" src=\"https:\/\/www.trcmuire.com\/wordpress\/wp-content\/uploads\/2025\/12\/IMG_7146-768x1024.jpg\" alt=\"\" class=\"wp-image-124\" srcset=\"https:\/\/www.trcmuire.com\/wordpress\/wp-content\/uploads\/2025\/12\/IMG_7146-768x1024.jpg 768w, https:\/\/www.trcmuire.com\/wordpress\/wp-content\/uploads\/2025\/12\/IMG_7146-225x300.jpg 225w, https:\/\/www.trcmuire.com\/wordpress\/wp-content\/uploads\/2025\/12\/IMG_7146-1152x1536.jpg 1152w, https:\/\/www.trcmuire.com\/wordpress\/wp-content\/uploads\/2025\/12\/IMG_7146-1536x2048.jpg 1536w, https:\/\/www.trcmuire.com\/wordpress\/wp-content\/uploads\/2025\/12\/IMG_7146-scaled.jpg 1920w\" sizes=\"(max-width: 767px) 89vw, (max-width: 1000px) 54vw, (max-width: 1071px) 543px, 580px\" \/><\/figure>\n<\/div>\n\n\n\n<div class=\"wp-block-column is-layout-flow wp-block-column-is-layout-flow\">\n<p class=\"has-text-align-left\">Le Tennis Racing Club de la Muire vous accueille dans un cadre privil\u00e9gi\u00e9 avec trois terrains couverts en terre battue, offrant des conditions id\u00e9ales pour jouer toute l\u2019ann\u00e9e.<br>\u00c9clair\u00e9s et prot\u00e9g\u00e9s des intemp\u00e9ries, ils permettent de profiter pleinement du plaisir de la terre battue, que ce soit pour s\u2019entra\u00eener, progresser ou simplement partager un moment sportif convivial.<\/p>\n\n\n\n<p>Que vous soyez d\u00e9butant, confirm\u00e9 ou comp\u00e9titeur, nos installations sont pens\u00e9es pour vous offrir un environnement agr\u00e9able et propice au jeu.<\/p>\n<\/div>\n<\/div>\n\n\n\n<p><\/p>\n","protected":false},"excerpt":{"rendered":"<p>3 courts couverts Le Tennis Racing Club de la Muire vous accueille dans un cadre privil\u00e9gi\u00e9 avec trois terrains couverts en terre battue, offrant des conditions id\u00e9ales pour jouer toute l\u2019ann\u00e9e.\u00c9clair\u00e9s et prot\u00e9g\u00e9s des intemp\u00e9ries, ils permettent de profiter pleinement du plaisir de la terre battue, que ce soit pour s\u2019entra\u00eener, progresser ou simplement partager &hellip; <\/p>\n<p class=\"link-more\"><a href=\"https:\/\/www.trcmuire.com\/wordpress\/infrastructures\/\" class=\"more-link\">Continuer la lecture<span class=\"screen-reader-text\"> de &laquo;&nbsp;Infrastructures&nbsp;&raquo;<\/span><\/a><\/p>\n","protected":false},"author":1,"featured_media":0,"parent":0,"menu_order":0,"comment_status":"closed","ping_status":"closed","template":"","meta":{"footnotes":""},"class_list":["post-123","page","type-page","status-publish","hentry"],"_links":{"self":[{"href":"https:\/\/www.trcmuire.com\/wordpress\/wp-json\/wp\/v2\/pages\/123","targetHints":{"allow":["GET"]}}],"collection":[{"href":"https:\/\/www.trcmuire.com\/wordpress\/wp-json\/wp\/v2\/pages"}],"about":[{"href":"https:\/\/www.trcmuire.com\/wordpress\/wp-json\/wp\/v2\/types\/page"}],"author":[{"embeddable":true,"href":"https:\/\/www.trcmuire.com\/wordpress\/wp-json\/wp\/v2\/users\/1"}],"replies":[{"embeddable":true,"href":"https:\/\/www.trcmuire.com\/wordpress\/wp-json\/wp\/v2\/comments?post=123"}],"version-history":[{"count":3,"href":"https:\/\/www.trcmuire.com\/wordpress\/wp-json\/wp\/v2\/pages\/123\/revisions"}],"predecessor-version":[{"id":130,"href":"https:\/\/www.trcmuire.com\/wordpress\/wp-json\/wp\/v2\/pages\/123\/revisions\/130"}],"wp:attachment":[{"href":"https:\/\/www.trcmuire.com\/wordpress\/wp-json\/wp\/v2\/media?parent=123"}],"curies":[{"name":"wp","href":"https:\/\/api.w.org\/{rel}","templated":true}]}}