{"id":23,"date":"2024-09-07T17:53:03","date_gmt":"2024-09-07T15:53:03","guid":{"rendered":"https:\/\/www.trcmuire.com\/wordpress\/?page_id=23"},"modified":"2025-12-03T19:22:57","modified_gmt":"2025-12-03T18:22:57","slug":"accueil","status":"publish","type":"page","link":"https:\/\/www.trcmuire.com\/wordpress\/","title":{"rendered":"Bienvenue"},"content":{"rendered":"\n<p>A deux pas du centre ville de Reims, le Tennis Racing club de la MUIRE vous accueille dans son parc arbor\u00e9 et calme. Cinq terrains en terre battue, un club house fraichement r\u00e9nov\u00e9, un parking priv\u00e9 et des b\u00e9n\u00e9voles motiv\u00e9s : tout pour jouer dans les meilleures conditions avec une ambiance chaleureuse et festive ! C\u00f4t\u00e9 sportif, notre DE et ses coll\u00e8gues CQP donnent tout pour encadrer et faire progresser l&rsquo;ensemble des pratiquants, homme et femme de 3 \u00e0 99 ans ! A bient\u00f4t au TRCM !.<\/p>\n\n\n\n<p><\/p>\n","protected":false},"excerpt":{"rendered":"<p>A deux pas du centre ville de Reims, le Tennis Racing club de la MUIRE vous accueille dans son parc arbor\u00e9 et calme. Cinq terrains en terre battue, un club house fraichement r\u00e9nov\u00e9, un parking priv\u00e9 et des b\u00e9n\u00e9voles motiv\u00e9s : tout pour jouer dans les meilleures conditions avec une ambiance chaleureuse et festive ! &hellip; <\/p>\n<p class=\"link-more\"><a href=\"https:\/\/www.trcmuire.com\/wordpress\/\" class=\"more-link\">Continuer la lecture<span class=\"screen-reader-text\"> de &laquo;&nbsp;Bienvenue&nbsp;&raquo;<\/span><\/a><\/p>\n","protected":false},"author":1,"featured_media":51,"parent":0,"menu_order":0,"comment_status":"closed","ping_status":"closed","template":"","meta":{"footnotes":""},"class_list":["post-23","page","type-page","status-publish","has-post-thumbnail","hentry"],"_links":{"self":[{"href":"https:\/\/www.trcmuire.com\/wordpress\/wp-json\/wp\/v2\/pages\/23","targetHints":{"allow":["GET"]}}],"collection":[{"href":"https:\/\/www.trcmuire.com\/wordpress\/wp-json\/wp\/v2\/pages"}],"about":[{"href":"https:\/\/www.trcmuire.com\/wordpress\/wp-json\/wp\/v2\/types\/page"}],"author":[{"embeddable":true,"href":"https:\/\/www.trcmuire.com\/wordpress\/wp-json\/wp\/v2\/users\/1"}],"replies":[{"embeddable":true,"href":"https:\/\/www.trcmuire.com\/wordpress\/wp-json\/wp\/v2\/comments?post=23"}],"version-history":[{"count":5,"href":"https:\/\/www.trcmuire.com\/wordpress\/wp-json\/wp\/v2\/pages\/23\/revisions"}],"predecessor-version":[{"id":114,"href":"https:\/\/www.trcmuire.com\/wordpress\/wp-json\/wp\/v2\/pages\/23\/revisions\/114"}],"wp:featuredmedia":[{"embeddable":true,"href":"https:\/\/www.trcmuire.com\/wordpress\/wp-json\/wp\/v2\/media\/51"}],"wp:attachment":[{"href":"https:\/\/www.trcmuire.com\/wordpress\/wp-json\/wp\/v2\/media?parent=23"}],"curies":[{"name":"wp","href":"https:\/\/api.w.org\/{rel}","templated":true}]}}